{"id":55,"date":"2017-03-07T15:16:54","date_gmt":"2017-03-07T15:16:54","guid":{"rendered":"http:\/\/dutchhousingcompany.com\/w\/?page_id=55"},"modified":"2018-10-10T10:10:33","modified_gmt":"2018-10-10T08:10:33","slug":"disclaimer","status":"publish","type":"page","link":"https:\/\/dutchhousingcompany.com\/pt\/disclaimer\/","title":{"rendered":"Isen\u00e7\u00e3o de responsabilidade"},"content":{"rendered":"<div class=\"wpb-content-wrapper\"><div class=\"vc_row wpb_row vc_row-fluid dt-default\" style=\"margin-top: 0px;margin-bottom: 0px\"><div class=\"wpb_column vc_column_container vc_col-sm-2\"><div class=\"vc_column-inner\"><div class=\"wpb_wrapper\"><\/div><\/div><\/div><div class=\"wpb_column vc_column_container vc_col-sm-8\"><div class=\"vc_column-inner\"><div class=\"wpb_wrapper\">\n\t<div class=\"wpb_text_column wpb_content_element\" >\n\t\t<div class=\"wpb_wrapper\">\n\t\t\t<p>Este \u00e9 o site da Dutch Housing Company B.V. O maior cuidado poss\u00edvel foi tomado no projeto e na compila\u00e7\u00e3o deste site.<\/p>\n<p>Se voc\u00ea encontrar algum problema em nosso site, informe-nos enviando um e-mail para <a href=\"mailto:info@dutchhousingcompany.com\">info@dutchhousingcompany.com<\/a>. Faremos o poss\u00edvel para resolver o problema o mais r\u00e1pido poss\u00edvel.<\/p>\n<p>A Dutch Housing Company n\u00e3o se responsabiliza por danos causados pelo uso ou pelas informa\u00e7\u00f5es oferecidas no site ou por incompletude de qualquer forma.<\/p>\n<p>As altera\u00e7\u00f5es em textos, ilustra\u00e7\u00f5es e desenhos s\u00e3o reservadas \u00e0 Dutch Housing Company. As informa\u00e7\u00f5es registradas sobre projetos, por exemplo, podem ser alteradas posteriormente, portanto, nenhum direito pode ser derivado das informa\u00e7\u00f5es do site.<\/p>\n<p>Este site cont\u00e9m links para sites de terceiros e a Dutch Housing Company n\u00e3o se responsabiliza por danos causados pelo uso de sites de terceiros.<\/p>\n<h5>Direitos autorais<\/h5>\n<p>Todos os direitos, incluindo todos os direitos de propriedade intelectual de todas as informa\u00e7\u00f5es substantivas e materiais visuais do site, permanecem sempre reservados \u00e0 Dutch Housing Company ou a seus licenciadores. Seu uso n\u00e3o \u00e9 permitido sem a permiss\u00e3o por escrito da Dutch Housing Company. Isso pode ser solicitado enviando um e-mail para<a href=\"mailto:info@dutchhousingcompany.com\"> info@dutchhousingcompany.com<\/a><\/p>\n\n\t\t<\/div>\n\t<\/div>\n<\/div><\/div><\/div><div class=\"wpb_column vc_column_container vc_col-sm-2\"><div class=\"vc_column-inner\"><div class=\"wpb_wrapper\"><\/div><\/div><\/div><\/div>\n<\/div>","protected":false},"excerpt":{"rendered":"<p>Dit is de website van Dutch Housing Company B.V. Bij het ontwerpen en samenstellen van deze site is de grootst mogelijke zorgvuldigheid betracht. Mocht u problemen ondervinden op onze site, laat ons dit dan weten door het sturen van een e-mail naar info@dutchhousingcompany.com. Wij zullen dan onze uiterste best doen om het probleem zo spoedig&hellip;<\/p>","protected":false},"author":1,"featured_media":0,"parent":0,"menu_order":0,"comment_status":"closed","ping_status":"closed","template":"","meta":[],"yoast_head":"<!-- This site is optimized with the Yoast SEO plugin v16.9 - https:\/\/yoast.com\/wordpress\/plugins\/seo\/ -->\n<title>Disclaimer - Dutch Housing Company<\/title>\n<meta name=\"robots\" content=\"index, follow, max-snippet:-1, max-image-preview:large, max-video-preview:-1\" \/>\n<link rel=\"canonical\" href=\"https:\/\/dutchhousingcompany.com\/pt\/disclaimer\/\" \/>\n<meta property=\"og:locale\" content=\"pt_BR\" \/>\n<meta property=\"og:type\" content=\"article\" \/>\n<meta property=\"og:title\" content=\"Disclaimer - Dutch Housing Company\" \/>\n<meta property=\"og:url\" content=\"https:\/\/dutchhousingcompany.com\/pt\/disclaimer\/\" \/>\n<meta property=\"og:site_name\" content=\"Dutch Housing Company\" \/>\n<meta property=\"article:modified_time\" content=\"2018-10-10T08:10:33+00:00\" \/>\n<meta name=\"twitter:card\" content=\"summary\" \/>\n<meta name=\"twitter:label1\" content=\"Est. tempo de leitura\" \/>\n\t<meta name=\"twitter:data1\" content=\"1 minuto\" \/>\n<script type=\"application\/ld+json\" class=\"yoast-schema-graph\">{\"@context\":\"https:\/\/schema.org\",\"@graph\":[{\"@type\":\"WebSite\",\"@id\":\"https:\/\/dutchhousingcompany.com\/#website\",\"url\":\"https:\/\/dutchhousingcompany.com\/\",\"name\":\"Dutch Housing Company\",\"description\":\"\",\"potentialAction\":[{\"@type\":\"SearchAction\",\"target\":{\"@type\":\"EntryPoint\",\"urlTemplate\":\"https:\/\/dutchhousingcompany.com\/?s={search_term_string}\"},\"query-input\":\"required name=search_term_string\"}],\"inLanguage\":\"pt-BR\"},{\"@type\":\"WebPage\",\"@id\":\"https:\/\/dutchhousingcompany.com\/disclaimer\/#webpage\",\"url\":\"https:\/\/dutchhousingcompany.com\/disclaimer\/\",\"name\":\"Disclaimer - Dutch Housing Company\",\"isPartOf\":{\"@id\":\"https:\/\/dutchhousingcompany.com\/#website\"},\"datePublished\":\"2017-03-07T15:16:54+00:00\",\"dateModified\":\"2018-10-10T08:10:33+00:00\",\"breadcrumb\":{\"@id\":\"https:\/\/dutchhousingcompany.com\/disclaimer\/#breadcrumb\"},\"inLanguage\":\"pt-BR\",\"potentialAction\":[{\"@type\":\"ReadAction\",\"target\":[\"https:\/\/dutchhousingcompany.com\/disclaimer\/\"]}]},{\"@type\":\"BreadcrumbList\",\"@id\":\"https:\/\/dutchhousingcompany.com\/disclaimer\/#breadcrumb\",\"itemListElement\":[{\"@type\":\"ListItem\",\"position\":1,\"name\":\"Home\",\"item\":\"https:\/\/dutchhousingcompany.com\/\"},{\"@type\":\"ListItem\",\"position\":2,\"name\":\"Disclaimer\"}]}]}<\/script>\n<!-- \/ Yoast SEO plugin. -->","yoast_head_json":{"title":"Disclaimer - Dutch Housing Company","robots":{"index":"index","follow":"follow","max-snippet":"max-snippet:-1","max-image-preview":"max-image-preview:large","max-video-preview":"max-video-preview:-1"},"canonical":"https:\/\/dutchhousingcompany.com\/pt\/disclaimer\/","og_locale":"pt_BR","og_type":"article","og_title":"Disclaimer - Dutch Housing Company","og_url":"https:\/\/dutchhousingcompany.com\/pt\/disclaimer\/","og_site_name":"Dutch Housing Company","article_modified_time":"2018-10-10T08:10:33+00:00","twitter_card":"summary","twitter_misc":{"Est. tempo de leitura":"1 minuto"},"schema":{"@context":"https:\/\/schema.org","@graph":[{"@type":"WebSite","@id":"https:\/\/dutchhousingcompany.com\/#website","url":"https:\/\/dutchhousingcompany.com\/","name":"Companhia Holandesa de Habita\u00e7\u00e3o","description":"","potentialAction":[{"@type":"SearchAction","target":{"@type":"EntryPoint","urlTemplate":"https:\/\/dutchhousingcompany.com\/?s={search_term_string}"},"query-input":"required name=search_term_string"}],"inLanguage":"pt-BR"},{"@type":"WebPage","@id":"https:\/\/dutchhousingcompany.com\/disclaimer\/#webpage","url":"https:\/\/dutchhousingcompany.com\/disclaimer\/","name":"Disclaimer - Dutch Housing Company","isPartOf":{"@id":"https:\/\/dutchhousingcompany.com\/#website"},"datePublished":"2017-03-07T15:16:54+00:00","dateModified":"2018-10-10T08:10:33+00:00","breadcrumb":{"@id":"https:\/\/dutchhousingcompany.com\/disclaimer\/#breadcrumb"},"inLanguage":"pt-BR","potentialAction":[{"@type":"ReadAction","target":["https:\/\/dutchhousingcompany.com\/disclaimer\/"]}]},{"@type":"BreadcrumbList","@id":"https:\/\/dutchhousingcompany.com\/disclaimer\/#breadcrumb","itemListElement":[{"@type":"ListItem","position":1,"name":"Home","item":"https:\/\/dutchhousingcompany.com\/"},{"@type":"ListItem","position":2,"name":"Disclaimer"}]}]}},"_links":{"self":[{"href":"https:\/\/dutchhousingcompany.com\/pt\/wp-json\/wp\/v2\/pages\/55"}],"collection":[{"href":"https:\/\/dutchhousingcompany.com\/pt\/wp-json\/wp\/v2\/pages"}],"about":[{"href":"https:\/\/dutchhousingcompany.com\/pt\/wp-json\/wp\/v2\/types\/page"}],"author":[{"embeddable":true,"href":"https:\/\/dutchhousingcompany.com\/pt\/wp-json\/wp\/v2\/users\/1"}],"replies":[{"embeddable":true,"href":"https:\/\/dutchhousingcompany.com\/pt\/wp-json\/wp\/v2\/comments?post=55"}],"version-history":[{"count":0,"href":"https:\/\/dutchhousingcompany.com\/pt\/wp-json\/wp\/v2\/pages\/55\/revisions"}],"wp:attachment":[{"href":"https:\/\/dutchhousingcompany.com\/pt\/wp-json\/wp\/v2\/media?parent=55"}],"curies":[{"name":"wp","href":"https:\/\/api.w.org\/{rel}","templated":true}]}}