{"id":528,"date":"2018-05-24T13:10:17","date_gmt":"2018-05-24T11:10:17","guid":{"rendered":"http:\/\/dutchhousingcompany.com\/?page_id=528"},"modified":"2019-02-12T15:49:04","modified_gmt":"2019-02-12T14:49:04","slug":"privacybeleid","status":"publish","type":"page","link":"https:\/\/dutchhousingcompany.com\/pt\/privacybeleid\/","title":{"rendered":"Privacidade"},"content":{"rendered":"<div class=\"wpb-content-wrapper\"><div class=\"vc_row wpb_row vc_row-fluid dt-default\" style=\"margin-top: 0px;margin-bottom: 0px\"><div class=\"wpb_column vc_column_container vc_col-sm-2\"><div class=\"vc_column-inner\"><div class=\"wpb_wrapper\"><\/div><\/div><\/div><div class=\"wpb_column vc_column_container vc_col-sm-8\"><div class=\"vc_column-inner\"><div class=\"wpb_wrapper\">\n\t<div class=\"wpb_text_column wpb_content_element\" >\n\t\t<div class=\"wpb_wrapper\">\n\t\t\t<h2>Declara\u00e7\u00e3o de privacidade<\/h2>\n<h4>Pol\u00edtica de privacidade e cookies<\/h4>\n<p>Dutch Housing Company B.V. (<strong>DHC<\/strong>), juntamente com suas empresas operacionais Dutch Housing Company Ontwikkeling B.V. e Dutch Housing Company Realisatie B.V., atribui grande import\u00e2ncia \u00e0 prote\u00e7\u00e3o da privacidade e \u00e0 seguran\u00e7a dos dados pessoais. Sempre processaremos os dados pessoais de acordo com as disposi\u00e7\u00f5es do Regulamento Geral de Prote\u00e7\u00e3o de Dados (<strong>AVG<\/strong>), a Lei de Implementa\u00e7\u00e3o do AVG e outras leis e regulamenta\u00e7\u00f5es aplic\u00e1veis.<\/p>\n<p>A DHC se reserva o direito de alterar esta Pol\u00edtica de Privacidade e Cookies (<strong>Pol\u00edtica<\/strong>) a ser unilateralmente alterado ou complementado de tempos em tempos. Portanto, recomendamos que voc\u00ea consulte esta p\u00e1gina regularmente. Quando houver altera\u00e7\u00f5es materiais na Pol\u00edtica, uma notifica\u00e7\u00e3o clara ser\u00e1 enviada por meio de nosso site.<\/p>\n<p>Esta pol\u00edtica foi atualizada pela \u00faltima vez em: 24-5-2018.<\/p>\n<h4>Uso de dados pessoais<\/h4>\n<p>Em nosso site <a href=\"http:\/\/dutchhousingcompany.com\/pt\/\">www.dutchhousingcompany.com<\/a> e nos sites de nossos projetos, os dados pessoais s\u00e3o solicitados e usados em v\u00e1rios lugares. Por exemplo, voc\u00ea pode solicitar um folheto, inscrever-se em um evento ou candidatar-se a uma vaga. As informa\u00e7\u00f5es fornecidas (que consistem em seu nome, cargo, nome da empresa, endere\u00e7o, endere\u00e7o de e-mail e t\u00f3picos\/projetos de seu interesse) ser\u00e3o usadas somente para atender \u00e0 sua solicita\u00e7\u00e3o e n\u00e3o ser\u00e3o usadas para outros fins que n\u00e3o aqueles conhecidos por voc\u00ea no momento da solicita\u00e7\u00e3o. Suas informa\u00e7\u00f5es n\u00e3o ser\u00e3o divulgadas a terceiros sem o seu consentimento, a menos que n\u00e3o possamos atender \u00e0 sua solicita\u00e7\u00e3o de outra forma.<\/p>\n<p>Al\u00e9m disso, processamos dados pessoais automaticamente para o gerenciamento t\u00e9cnico e funcional do nosso site e para garantir que ele seja f\u00e1cil de usar. Para essa finalidade, podemos processar dados como seu endere\u00e7o IP, as p\u00e1ginas que voc\u00ea visita, o navegador que voc\u00ea usa, visitas anteriores aos sites, informa\u00e7\u00f5es demogr\u00e1ficas e o hor\u00e1rio e a dura\u00e7\u00e3o da sua visita. Tamb\u00e9m usamos cookies com a mesma finalidade. Os cookies nos ajudam a saber mais sobre como o site \u00e9 usado, o que nos ajuda a melhorar toda a experi\u00eancia. Veja abaixo mais informa\u00e7\u00f5es sobre cookies.<\/p>\n<p>Al\u00e9m dos dados pessoais que obtemos de voc\u00ea ao visitar nosso site, tamb\u00e9m coletamos dados pessoais que voc\u00ea nos forneceu por outros meios, como ao firmar um contrato conosco, ao nos fornecer seu cart\u00e3o de visita ou ao se candidatar a um emprego. Tamb\u00e9m podemos obter seus dados pessoais de outras fontes, como o Registro de Com\u00e9rcio, o Registro de Im\u00f3veis ou usando outras fontes p\u00fablicas.<\/p>\n<p>Os dados pessoais obtidos direta e indiretamente de voc\u00ea ser\u00e3o sempre processados com base em uma ou mais das seguintes bases legais:<\/p>\n<ul>\n<li>a execu\u00e7\u00e3o de um contrato;<\/li>\n<li>cumprimento de uma obriga\u00e7\u00e3o legal;<\/li>\n<li>interesse leg\u00edtimo;<\/li>\n<li>seu consentimento.<\/li>\n<\/ul>\n<h4>Seguran\u00e7a de dados pessoais<\/h4>\n<p>A DHC e os terceiros contratados por n\u00f3s para processar seus dados pessoais tomaram todas as medidas t\u00e9cnicas e organizacionais apropriadas para proteger os dados pessoais contra processamento n\u00e3o autorizado ou ilegal, perda acidental, destrui\u00e7\u00e3o, dano, altera\u00e7\u00e3o ou divulga\u00e7\u00e3o. Essas medidas garantem um n\u00edvel adequado de seguran\u00e7a.<\/p>\n<p>No caso de uma viola\u00e7\u00e3o grave de dados, a DHC comunicar\u00e1 o fato \u00e0 Autoridade de Dados Pessoais. Se for prov\u00e1vel que a viola\u00e7\u00e3o de dados tenha efeitos adversos sobre sua privacidade, ela tamb\u00e9m ser\u00e1 informada a voc\u00ea.<\/p>\n<h4>Hiperlinks<\/h4>\n<p>Se voc\u00ea optar por compartilhar o conte\u00fado do nosso site por meio de sites de m\u00eddia social, como LinkedIn, Facebook e\/ou Twitter, seus dados pessoais (como seu nome e o fato de estar em contato com a DHC) tamb\u00e9m ficar\u00e3o vis\u00edveis para os visitantes de suas p\u00e1ginas pessoais nesses sites de m\u00eddia social. O uso de tais sites \u00e9 regido exclusivamente pelos termos e condi\u00e7\u00f5es (incluindo a pol\u00edtica de privacidade) dos sites de m\u00eddia social relevantes. A DHC n\u00e3o \u00e9 de forma alguma respons\u00e1vel pelo processamento de dados ou pol\u00edticas de privacidade em tais sites de m\u00eddia social, nem esta Pol\u00edtica se aplica ao uso de tais sites.<\/p>\n<h4>Reten\u00e7\u00e3o de dados<\/h4>\n<p>A DHC n\u00e3o ret\u00e9m dados pessoais por mais tempo do que o necess\u00e1rio para os fins para os quais foram obtidos e para cumprir as leis e os regulamentos aplic\u00e1veis. No caso de dados pessoais processados no contexto de candidaturas a emprego, a DHC n\u00e3o reter\u00e1 esses dados por mais tempo do que o per\u00edodo de reten\u00e7\u00e3o legal, exceto quando voc\u00ea tiver dado seu consentimento expresso para ret\u00ea-los por mais tempo. Isso, por exemplo, para fins de preenchimento de cargos futuros. Nesse caso, manteremos seus dados pessoais por um per\u00edodo m\u00e1ximo de 1 ano.<\/p>\n<h4>Cookies<\/h4>\n<p>Cookies s\u00e3o pequenos arquivos armazenados em seu computador pelo navegador para que um site possa armazenar e recuperar informa\u00e7\u00f5es. A DHC s\u00f3 usa cookies que n\u00e3o violam ou violam pouco a privacidade, especialmente para fazer com que nosso site funcione melhor. Em particular, esses s\u00e3o cookies anal\u00edticos.<\/p>\n<p>Nosso site usa o Google Analytics, um servi\u00e7o de an\u00e1lise da Web fornecido pela Google Inc. (<strong>Google<\/strong>). O Google Analytics usa v\u00e1rios cookies. Esses cookies permanecem armazenados em seu computador por tempo indeterminado. Entre outras coisas, o Google Analytics registra quais p\u00e1ginas os visitantes do nosso site visualizam, de que pa\u00eds eles v\u00eam, em que clicam, qual navegador usam e qual resolu\u00e7\u00e3o de tela utilizam. Essas informa\u00e7\u00f5es s\u00e3o usadas para otimizar o site. As informa\u00e7\u00f5es obtidas s\u00e3o armazenadas pelo Google em servidores nos Estados Unidos. O Google \u00e9 membro do Escudo de Privacidade UE-EUA. O Google s\u00f3 poder\u00e1 fornecer suas informa\u00e7\u00f5es a terceiros se for legalmente obrigado a faz\u00ea-lo ou na medida em que terceiros processem as informa\u00e7\u00f5es em nome do Google. Para obter mais informa\u00e7\u00f5es, leia <a href=\"https:\/\/policies.google.com\/privacy\" target=\"_blank\" rel=\"noopener\">Pol\u00edtica de privacidade do Google.<\/a><\/p>\n<p>Se voc\u00ea tiver o Adobe Flash instalado no seu computador e ouvir arquivos de \u00e1udio ou visualizar arquivos de v\u00eddeo neste site, o Google Analytics usar\u00e1 um Objeto Local Compartilhado ou Flash Cookie para medir quantas vezes um arquivo de \u00e1udio e\/ou v\u00eddeo foi reproduzido, quantos visitantes reproduziram o arquivo de \u00e1udio e\/ou v\u00eddeo por completo e quantos visitantes pararam de reproduzir o arquivo de \u00e1udio e\/ou v\u00eddeo durante a dura\u00e7\u00e3o do arquivo.<\/p>\n<p>Al\u00e9m disso, os cookies podem ser definidos por meio deste site pelo Twitter, Facebook e LinkedIn porque os visitantes do nosso site podem compartilhar informa\u00e7\u00f5es do nosso site por meio dos \u00edcones dessas organiza\u00e7\u00f5es. Para obter mais informa\u00e7\u00f5es sobre as pol\u00edticas de privacidade dessas organiza\u00e7\u00f5es, consulte seus respectivos sites<\/p>\n<h4>Recusa e exclus\u00e3o de cookies<\/h4>\n<p>Voc\u00ea pode configurar seu navegador para n\u00e3o armazenar cookies, permitir ou negar cada cookie individualmente ou excluir todos os cookies ao fechar o navegador. Um roteiro \u00fatil para o gerenciamento de cookies pode ser encontrado no site da Consumers' Association.<\/p>\n<p>Os cookies s\u00e3o colocados em todos os computadores que voc\u00ea usa para visitar sites. Se n\u00e3o quiser mais receber cookies, ser\u00e1 necess\u00e1rio ajustar as configura\u00e7\u00f5es em todos os computadores que voc\u00ea usa. Observe que a recusa e\/ou a exclus\u00e3o de cookies tamb\u00e9m afetar\u00e1 os cookies estritamente necess\u00e1rios. Isso pode limitar sua capacidade de usar nossos sites ou partes deles.<\/p>\n<h4>Seus direitos<\/h4>\n<p>Com rela\u00e7\u00e3o aos seus dados pessoais, voc\u00ea tem os seguintes direitos:<\/p>\n<ul>\n<li>O direito de acesso, o que significa que voc\u00ea pode fazer uma solicita\u00e7\u00e3o para ver os dados pessoais que coletamos de voc\u00ea. Ao fazer isso, voc\u00ea deve observar que pode haver circunst\u00e2ncias em que estejamos autorizados, por exemplo, devido a privil\u00e9gios profissionais, a n\u00e3o atender \u00e0 sua solicita\u00e7\u00e3o de fornecer c\u00f3pias de dados pessoais;<\/li>\n<li>O direito de corrigir seus dados se eles estiverem incorretos ou incompletos;<\/li>\n<li>O direito de ter seus dados pessoais exclu\u00eddos;<\/li>\n<li>O direito de se opor ou solicitar a restri\u00e7\u00e3o do processamento de seus dados pessoais;<\/li>\n<li>O direito \u00e0 portabilidade de dados, o que significa que voc\u00ea tem o direito de receber seus dados em um formato estruturado, comum e leg\u00edvel por m\u00e1quina. Ao fazer isso, voc\u00ea tem o direito de transferir esses dados para outro controlador;<\/li>\n<li>O direito de registrar uma reclama\u00e7\u00e3o em um \u00f3rg\u00e3o regulador, como na Holanda, a Autoridade de Dados Pessoais;<\/li>\n<li>O direito de retirar um consentimento dado para processar seus dados pessoais.<\/li>\n<\/ul>\n<p>Com rela\u00e7\u00e3o aos direitos mencionados acima, pode haver circunst\u00e2ncias em que estejamos autorizados a continuar processando seus dados, em especial para cumprir nossas obriga\u00e7\u00f5es legais e estatut\u00e1rias.<\/p>\n<h4>Contato<\/h4>\n<p>Voc\u00ea pode exercer os direitos mencionados acima, opor-se ao uso de seus dados pessoais para fins de marketing direto ou fazer perguntas sobre nossa pol\u00edtica de privacidade enviando uma solicita\u00e7\u00e3o para a Dutch Housing Company, para o diretor de privacidade da DHC, Bezuidenhoutseweg 161, 2594 AG The Hague ou\u00a0<a href=\"mailto:info@dutchhousingcompany.com\">info@dutchhousingcompany.com<\/a>.<\/p>\n\n\t\t<\/div>\n\t<\/div>\n<\/div><\/div><\/div><div class=\"wpb_column vc_column_container vc_col-sm-2\"><div class=\"vc_column-inner\"><div class=\"wpb_wrapper\"><\/div><\/div><\/div><\/div>\n<\/div>","protected":false},"excerpt":{"rendered":"<p>Declara\u00e7\u00e3o de Privacidade Pol\u00edtica de Privacidade e Cookies A Dutch Housing Company B.V. (DHC), juntamente com suas empresas operacionais Dutch Housing Company Ontwikkeling B.V. e Dutch Housing Company Realisatie B.V., atribui grande import\u00e2ncia \u00e0 prote\u00e7\u00e3o da privacidade e \u00e0 seguran\u00e7a dos dados pessoais. Sempre processaremos os dados pessoais de acordo com as disposi\u00e7\u00f5es do Regulamento Geral de Prote\u00e7\u00e3o de Dados (AVG), o...<\/p>","protected":false},"author":1,"featured_media":0,"parent":0,"menu_order":0,"comment_status":"closed","ping_status":"closed","template":"","meta":[],"yoast_head":"<!-- This site is optimized with the Yoast SEO plugin v16.9 - https:\/\/yoast.com\/wordpress\/plugins\/seo\/ -->\n<title>Privacy - Dutch Housing Company<\/title>\n<meta name=\"robots\" content=\"index, follow, max-snippet:-1, max-image-preview:large, max-video-preview:-1\" \/>\n<link rel=\"canonical\" href=\"https:\/\/dutchhousingcompany.com\/pt\/privacybeleid\/\" \/>\n<meta property=\"og:locale\" content=\"pt_BR\" \/>\n<meta property=\"og:type\" content=\"article\" \/>\n<meta property=\"og:title\" content=\"Privacy - Dutch Housing Company\" \/>\n<meta property=\"og:url\" content=\"https:\/\/dutchhousingcompany.com\/pt\/privacybeleid\/\" \/>\n<meta property=\"og:site_name\" content=\"Dutch Housing Company\" \/>\n<meta property=\"article:modified_time\" content=\"2019-02-12T14:49:04+00:00\" \/>\n<meta name=\"twitter:card\" content=\"summary\" \/>\n<meta name=\"twitter:label1\" content=\"Est. tempo de leitura\" \/>\n\t<meta name=\"twitter:data1\" content=\"7 minutos\" \/>\n<script type=\"application\/ld+json\" class=\"yoast-schema-graph\">{\"@context\":\"https:\/\/schema.org\",\"@graph\":[{\"@type\":\"WebSite\",\"@id\":\"https:\/\/dutchhousingcompany.com\/#website\",\"url\":\"https:\/\/dutchhousingcompany.com\/\",\"name\":\"Dutch Housing Company\",\"description\":\"\",\"potentialAction\":[{\"@type\":\"SearchAction\",\"target\":{\"@type\":\"EntryPoint\",\"urlTemplate\":\"https:\/\/dutchhousingcompany.com\/?s={search_term_string}\"},\"query-input\":\"required name=search_term_string\"}],\"inLanguage\":\"pt-BR\"},{\"@type\":\"WebPage\",\"@id\":\"https:\/\/dutchhousingcompany.com\/privacybeleid\/#webpage\",\"url\":\"https:\/\/dutchhousingcompany.com\/privacybeleid\/\",\"name\":\"Privacy - Dutch Housing Company\",\"isPartOf\":{\"@id\":\"https:\/\/dutchhousingcompany.com\/#website\"},\"datePublished\":\"2018-05-24T11:10:17+00:00\",\"dateModified\":\"2019-02-12T14:49:04+00:00\",\"breadcrumb\":{\"@id\":\"https:\/\/dutchhousingcompany.com\/privacybeleid\/#breadcrumb\"},\"inLanguage\":\"pt-BR\",\"potentialAction\":[{\"@type\":\"ReadAction\",\"target\":[\"https:\/\/dutchhousingcompany.com\/privacybeleid\/\"]}]},{\"@type\":\"BreadcrumbList\",\"@id\":\"https:\/\/dutchhousingcompany.com\/privacybeleid\/#breadcrumb\",\"itemListElement\":[{\"@type\":\"ListItem\",\"position\":1,\"name\":\"Home\",\"item\":\"https:\/\/dutchhousingcompany.com\/\"},{\"@type\":\"ListItem\",\"position\":2,\"name\":\"Privacy\"}]}]}<\/script>\n<!-- \/ Yoast SEO plugin. -->","yoast_head_json":{"title":"Privacidade - Dutch Housing Company","robots":{"index":"index","follow":"follow","max-snippet":"max-snippet:-1","max-image-preview":"max-image-preview:large","max-video-preview":"max-video-preview:-1"},"canonical":"https:\/\/dutchhousingcompany.com\/pt\/privacybeleid\/","og_locale":"pt_BR","og_type":"article","og_title":"Privacy - Dutch Housing Company","og_url":"https:\/\/dutchhousingcompany.com\/pt\/privacybeleid\/","og_site_name":"Dutch Housing Company","article_modified_time":"2019-02-12T14:49:04+00:00","twitter_card":"summary","twitter_misc":{"Est. tempo de leitura":"7 minutos"},"schema":{"@context":"https:\/\/schema.org","@graph":[{"@type":"WebSite","@id":"https:\/\/dutchhousingcompany.com\/#website","url":"https:\/\/dutchhousingcompany.com\/","name":"Companhia Holandesa de Habita\u00e7\u00e3o","description":"","potentialAction":[{"@type":"SearchAction","target":{"@type":"EntryPoint","urlTemplate":"https:\/\/dutchhousingcompany.com\/?s={search_term_string}"},"query-input":"required name=search_term_string"}],"inLanguage":"pt-BR"},{"@type":"WebPage","@id":"https:\/\/dutchhousingcompany.com\/privacybeleid\/#webpage","url":"https:\/\/dutchhousingcompany.com\/privacybeleid\/","name":"Privacidade - Dutch Housing Company","isPartOf":{"@id":"https:\/\/dutchhousingcompany.com\/#website"},"datePublished":"2018-05-24T11:10:17+00:00","dateModified":"2019-02-12T14:49:04+00:00","breadcrumb":{"@id":"https:\/\/dutchhousingcompany.com\/privacybeleid\/#breadcrumb"},"inLanguage":"pt-BR","potentialAction":[{"@type":"ReadAction","target":["https:\/\/dutchhousingcompany.com\/privacybeleid\/"]}]},{"@type":"BreadcrumbList","@id":"https:\/\/dutchhousingcompany.com\/privacybeleid\/#breadcrumb","itemListElement":[{"@type":"ListItem","position":1,"name":"Home","item":"https:\/\/dutchhousingcompany.com\/"},{"@type":"ListItem","position":2,"name":"Privacy"}]}]}},"_links":{"self":[{"href":"https:\/\/dutchhousingcompany.com\/pt\/wp-json\/wp\/v2\/pages\/528"}],"collection":[{"href":"https:\/\/dutchhousingcompany.com\/pt\/wp-json\/wp\/v2\/pages"}],"about":[{"href":"https:\/\/dutchhousingcompany.com\/pt\/wp-json\/wp\/v2\/types\/page"}],"author":[{"embeddable":true,"href":"https:\/\/dutchhousingcompany.com\/pt\/wp-json\/wp\/v2\/users\/1"}],"replies":[{"embeddable":true,"href":"https:\/\/dutchhousingcompany.com\/pt\/wp-json\/wp\/v2\/comments?post=528"}],"version-history":[{"count":0,"href":"https:\/\/dutchhousingcompany.com\/pt\/wp-json\/wp\/v2\/pages\/528\/revisions"}],"wp:attachment":[{"href":"https:\/\/dutchhousingcompany.com\/pt\/wp-json\/wp\/v2\/media?parent=528"}],"curies":[{"name":"wp","href":"https:\/\/api.w.org\/{rel}","templated":true}]}}