{"id":38,"date":"2017-03-07T13:09:03","date_gmt":"2017-03-07T13:09:03","guid":{"rendered":"http:\/\/dutchhousingcompany.com\/w\/?page_id=38"},"modified":"2025-08-22T17:08:39","modified_gmt":"2025-08-22T15:08:39","slug":"brasil","status":"publish","type":"page","link":"https:\/\/dutchhousingcompany.com\/pt\/brasil\/","title":{"rendered":"Brasil"},"content":{"rendered":"<div class=\"wpb-content-wrapper\"><div class=\"vc_row wpb_row vc_row-fluid dt-default\" style=\"margin-top: 0px;margin-bottom: 0px\"><div class=\"wpb_column vc_column_container vc_col-sm-12\"><div class=\"vc_column-inner\"><div class=\"wpb_wrapper\">\n\t<div class=\"wpb_text_column wpb_content_element\" >\n\t\t<div class=\"wpb_wrapper\">\n\t\t\t<p style=\"font-weight: 400;\"><strong>Al\u00e9m de nossos projetos na Holanda, a Dutch Housing Company desenvolve ativamente no Brasil. \u00c9 assim que reunimos anos de experi\u00eancia profissional, design que inclui a natureza e pol\u00edtica de qualidade com a din\u00e2mica de um mercado em r\u00e1pido crescimento e com belas localiza\u00e7\u00f5es.<\/strong><\/p>\n\n\t\t<\/div>\n\t<\/div>\n<\/div><\/div><\/div><\/div><div class=\"vc_row wpb_row vc_row-fluid dt-default\" style=\"margin-top: 0px;margin-bottom: 0px\"><div class=\"wpb_column vc_column_container vc_col-sm-12\"><div class=\"vc_column-inner\"><div class=\"wpb_wrapper\">\n\t<div  class=\"wpb_single_image wpb_content_element vc_align_center\">\n\t\t\n\t\t<figure class=\"wpb_wrapper vc_figure\">\n\t\t\t<div class=\"vc_single_image-wrapper vc_box_shadow_border  vc_box_border_grey\"><img width=\"1175\" height=\"1498\" src=\"https:\/\/dutchhousingcompany.com\/w\/wp-content\/uploads\/2025\/08\/IMG_8196-1.jpg\" class=\"vc_single_image-img attachment-full\" alt=\"\" loading=\"lazy\" title=\"LAGO 2\" srcset=\"https:\/\/dutchhousingcompany.com\/w\/wp-content\/uploads\/2025\/08\/IMG_8196-1.jpg 1175w, https:\/\/dutchhousingcompany.com\/w\/wp-content\/uploads\/2025\/08\/IMG_8196-1-235x300.jpg 235w, https:\/\/dutchhousingcompany.com\/w\/wp-content\/uploads\/2025\/08\/IMG_8196-1-803x1024.jpg 803w, https:\/\/dutchhousingcompany.com\/w\/wp-content\/uploads\/2025\/08\/IMG_8196-1-768x979.jpg 768w, https:\/\/dutchhousingcompany.com\/w\/wp-content\/uploads\/2025\/08\/IMG_8196-1-9x12.jpg 9w\" sizes=\"(max-width: 1175px) 100vw, 1175px\"  data-dt-location=\"https:\/\/dutchhousingcompany.com\/pt\/brasil\/img_8196-2\/\" \/><\/div>\n\t\t<\/figure>\n\t<\/div>\n<\/div><\/div><\/div><\/div><div class=\"vc_row wpb_row vc_row-fluid dt-default\" style=\"margin-top: 0px;margin-bottom: 0px\"><div class=\"wpb_column vc_column_container vc_col-sm-12\"><div class=\"vc_column-inner\"><div class=\"wpb_wrapper\">\n\t<div class=\"wpb_text_column wpb_content_element\" >\n\t\t<div class=\"wpb_wrapper\">\n\t\t\t<p style=\"font-weight: 400;\"><strong>LAGO Eco Lotes Cear\u00e1<\/strong><\/p>\n<p style=\"font-weight: 400;\"><em>O LAGO Eco Lotes Cear\u00e1 \u00e9 um empreendimento que inclui a natureza, com mais de 300 lotes exclusivos no litoral nordestino do Brasil. Respeitando as qualidades c\u00eanicas - lagoas, dunas e ventos al\u00edsios - criamos um lugar onde arquitetura, natureza e conforto cotidiano se refor\u00e7am mutuamente. Um investimento que tem como retorno a qualidade de vida.<\/em><\/p>\n<p style=\"font-weight: 400;\">Um local perfeito onde voc\u00ea se sente naturalmente conectado \u00e0 natureza e \u00e0 paisagem. Localizada \u00e0s margens do imenso lago LAGOMAR Cauipe. Pr\u00f3ximo ao Cumbuco e a 5 minutos da Barra do Cauipe. A lagoa onde os campe\u00f5es mundiais de kitesurf exibem suas habilidades.<\/p>\n<p style=\"font-weight: 400;\">Um projeto em que o planejamento urbano est\u00e1 em harmonia com a natureza. A pr\u00f3pria paisagem, com suas vistas deslumbrantes, foi o ponto de partida para o projeto do plano diretor. E isso se reflete na qualidade do LAGO - eco lotes Cear\u00e1.<\/p>\n<p style=\"font-weight: 400;\">LAGO Eco Lotes Cear\u00e1 - conecte-se com o melhor da vida! Lan\u00e7amento em breve, veja <a href=\"https:\/\/www.instagram.com\/lagoecolotesceara?igsh=ejlyOHNvdmxraTFn\">Instagram<\/a> para as primeiras imagens.<\/p>\n\n\t\t<\/div>\n\t<\/div>\n<\/div><\/div><\/div><\/div><div class=\"vc_row wpb_row vc_row-fluid dt-default\" style=\"margin-top: 0px;margin-bottom: 0px\"><div class=\"wpb_column vc_column_container vc_col-sm-12\"><div class=\"vc_column-inner\"><div class=\"wpb_wrapper\">\n\t<div  class=\"wpb_single_image wpb_content_element vc_align_center\">\n\t\t\n\t\t<figure class=\"wpb_wrapper vc_figure\">\n\t\t\t<div class=\"vc_single_image-wrapper   vc_box_border_grey\"><img width=\"829\" height=\"1024\" src=\"https:\/\/dutchhousingcompany.com\/w\/wp-content\/uploads\/2025\/08\/IMG_8195-1-829x1024.jpg\" class=\"vc_single_image-img attachment-large\" alt=\"\" loading=\"lazy\" title=\"IMG_8195\" srcset=\"https:\/\/dutchhousingcompany.com\/w\/wp-content\/uploads\/2025\/08\/IMG_8195-1-829x1024.jpg 829w, https:\/\/dutchhousingcompany.com\/w\/wp-content\/uploads\/2025\/08\/IMG_8195-1-243x300.jpg 243w, https:\/\/dutchhousingcompany.com\/w\/wp-content\/uploads\/2025\/08\/IMG_8195-1-768x949.jpg 768w, https:\/\/dutchhousingcompany.com\/w\/wp-content\/uploads\/2025\/08\/IMG_8195-1-10x12.jpg 10w, https:\/\/dutchhousingcompany.com\/w\/wp-content\/uploads\/2025\/08\/IMG_8195-1.jpg 1206w\" sizes=\"(max-width: 829px) 100vw, 829px\"  data-dt-location=\"https:\/\/dutchhousingcompany.com\/pt\/brasil\/img_8195-2\/\" \/><\/div>\n\t\t<\/figure>\n\t<\/div>\n<\/div><\/div><\/div><\/div><div class=\"vc_row wpb_row vc_row-fluid dt-default\" style=\"margin-top: 0px;margin-bottom: 0px\"><div class=\"wpb_column vc_column_container vc_col-sm-12\"><div class=\"vc_column-inner\"><div class=\"wpb_wrapper\">\n\t<div class=\"wpb_text_column wpb_content_element\" >\n\t\t<div class=\"wpb_wrapper\">\n\t\t\t<p style=\"font-weight: 400;\"><strong>Por que investir no Cear\u00e1, Fortaleza, Cumbuco?<\/strong><\/p>\n<ol>\n<li style=\"font-weight: 400;\"><strong> Fortaleza: a nova porta de entrada para o Brasil<\/strong><\/li>\n<\/ol>\n<ul>\n<li style=\"font-weight: 400;\">Fortaleza \u00e9 <strong>a capital do Cear\u00e1<\/strong> e metr\u00f3pole de quase 4 milh\u00f5es de habitantes. \u00c9 o motor econ\u00f4mico do nordeste do Brasil.<\/li>\n<li style=\"font-weight: 400;\"><strong>Estrategicamente localizado<\/strong> A cidade de Fortaleza, localizada no Oceano Atl\u00e2ntico, est\u00e1 mais pr\u00f3xima da Europa e da Am\u00e9rica do Norte do que a maioria das outras cidades brasileiras. De Lisboa, por exemplo, Fortaleza fica a apenas 5.600 km de dist\u00e2ncia.<\/li>\n<li style=\"font-weight: 400;\"><strong>Gateway digital:<\/strong> Fortaleza \u00e9 uma das mais importantes <strong>pontos de aterrissagem para cabos de dados submarinos<\/strong> na Am\u00e9rica Latina, com conex\u00f5es diretas e de baixa lat\u00eancia para a Europa, Am\u00e9rica do Norte e \u00c1frica.<\/li>\n<li style=\"font-weight: 400;\"><strong>Hub de Internet:<\/strong> Presen\u00e7a de centrais e operadoras de Internet (inclusive em <strong>Praia do Futuro<\/strong>) faz com que seja uma regi\u00e3o <strong>centro de tr\u00e1fego<\/strong> para nuvem, IA e streaming.<\/li>\n<li style=\"font-weight: 400;\"><strong>Proximidade e log\u00edstica:<\/strong> Fortaleza est\u00e1 geograficamente mais pr\u00f3xima da Europa do que a maioria das outras metr\u00f3poles brasileiras, o que <strong>menor lat\u00eancia e rotas mais curtas<\/strong> entrega; combina\u00e7\u00e3o com aeroporto, rodovias e <strong>porto Pec\u00e9m<\/strong> fortalece a acessibilidade de ponta a ponta para pessoas, bens e dados.<\/li>\n<li style=\"font-weight: 400;\">Fortaleza cresce e se torna a <strong>nova porta de entrada para o Brasil<\/strong>A empresa tem uma posi\u00e7\u00e3o forte em com\u00e9rcio, turismo e log\u00edstica.<\/li>\n<\/ul>\n<ol start=\"2\">\n<li style=\"font-weight: 400;\"><strong> Porto do Pec\u00e9m e crescimento industrial<\/strong><\/li>\n<\/ol>\n<ul>\n<li style=\"font-weight: 400;\">O <strong>Autoridade do Porto de Roterd\u00e3<\/strong> investiu 75 milh\u00f5es de euros no porto do Pec\u00e9m e det\u00e9m 30% das a\u00e7\u00f5es. Essa parceria fortalece a infraestrutura portu\u00e1ria e abre conex\u00f5es diretas com a Europa.<\/li>\n<li style=\"font-weight: 400;\">Pec\u00e9m \u00e9 um <strong>porto de \u00e1guas profundas<\/strong> (at\u00e9 18 m) e pode receber navios p\u00f3s-Panamax.<\/li>\n<li style=\"font-weight: 400;\">H\u00e1 um <strong>Zona de Livre Com\u00e9rcio (ZPE Cear\u00e1)<\/strong> de mais de 6.000 ha, atraindo empresas internacionais com incentivos fiscais e infraestrutura moderna.<\/li>\n<li style=\"font-weight: 400;\">A regi\u00e3o do Pec\u00e9m j\u00e1 recebeu mais de R$28 bilh\u00f5es em investimentos e gerou dezenas de milhares de empregos.<\/li>\n<\/ul>\n<ol start=\"3\">\n<li style=\"font-weight: 400;\"><strong> Corredor verde de hidrog\u00eanio<\/strong><\/li>\n<\/ol>\n<ul>\n<li style=\"font-weight: 400;\">Desde 2023, existe um corredor entre Pec\u00e9m e Roterd\u00e3 para a produ\u00e7\u00e3o e exporta\u00e7\u00e3o de <strong>hidrog\u00eanio verde<\/strong>.<\/li>\n<li style=\"font-weight: 400;\">Isso posiciona o Cear\u00e1 como um pioneiro em energia renov\u00e1vel e um centro estrat\u00e9gico para a transi\u00e7\u00e3o energ\u00e9tica em dire\u00e7\u00e3o \u00e0 Europa.<\/li>\n<\/ul>\n<ol start=\"4\">\n<li style=\"font-weight: 400;\"><strong> Data centers verdes - um mercado de crescimento digital<\/strong><\/li>\n<\/ol>\n<ul>\n<li style=\"font-weight: 400;\">O Cear\u00e1 tamb\u00e9m est\u00e1 atraindo grandes investimentos em <strong>data centers ecol\u00f3gicos<\/strong>A demanda por energia renov\u00e1vel e infraestrutura em Pec\u00e9m.<\/li>\n<li style=\"font-weight: 400;\"><strong>Casa dos Ventos<\/strong> desenvolve, em colabora\u00e7\u00e3o com, entre outros <strong>ByteDance (TikTok)<\/strong>, um data center de <strong>300 MW<\/strong>Com um investimento de aprox. <strong>R$50 bilh\u00f5es<\/strong>. In\u00edcio da constru\u00e7\u00e3o: 2025; primeira entrega: 2027. Em fases posteriores, esse n\u00famero pode aumentar para 900 MW - 1 GW.<\/li>\n<li style=\"font-weight: 400;\">O projeto \u00e9 executado inteiramente em <strong>energia e\u00f3lica e solar<\/strong> e usa um sistema de resfriamento que economiza \u00e1gua.<\/li>\n<li style=\"font-weight: 400;\">No total, aproximadamente <strong>R$128 bilh\u00f5es (~USD 25 bilh\u00f5es)<\/strong> investiu em hidrog\u00eanio verde e centros de dados.<\/li>\n<li style=\"font-weight: 400;\">O governo brasileiro tamb\u00e9m est\u00e1 trabalhando em um pacote fiscal que <strong>isen\u00e7\u00f5es fiscais<\/strong> d\u00e1 aos data centers que usam 100% de energia renov\u00e1vel - um incentivo que poderia acelerar bilh\u00f5es em investimentos.<\/li>\n<li style=\"font-weight: 400;\">Os principais players internacionais, como <strong>Huawei, Equinix, Ascenty e ODATA<\/strong> j\u00e1 est\u00e3o de olho no Cear\u00e1 ou j\u00e1 est\u00e3o investindo na regi\u00e3o.<\/li>\n<\/ul>\n<ol start=\"5\">\n<li style=\"font-weight: 400;\"><strong> Cumbuco: ponto tur\u00edstico<\/strong><\/li>\n<\/ol>\n<ul>\n<li style=\"font-weight: 400;\">A apenas 30 minutos de Fortaleza est\u00e1 <strong>Cumbuco<\/strong>A cidade de S\u00e3o Paulo, uma antiga vila de pescadores que se transformou em uma <strong>o 5\u00b0 melhor destino de kitesurfe do mundo<\/strong>.<\/li>\n<li style=\"font-weight: 400;\">Os ventos al\u00edsios constantes, as praias amplas e as lagoas atraem milhares de turistas esportivos todos os anos. Os campeonatos mundiais de kitesurfe s\u00e3o organizados aqui.<\/li>\n<li style=\"font-weight: 400;\">O Cumbuco recebeu o pr\u00eamio <strong>Certifica\u00e7\u00e3o Bandeira Azul<\/strong> Para o gerenciamento sustent\u00e1vel das praias.<\/li>\n<li style=\"font-weight: 400;\">Isso torna o local muito atraente para o turismo, propriedades de lazer e conceitos internacionais de aluguel.<\/li>\n<\/ul>\n<ol start=\"6\">\n<li style=\"font-weight: 400;\"><strong> Clima de investimento mais amplo<\/strong><\/li>\n<\/ol>\n<ul>\n<li style=\"font-weight: 400;\"><strong>Crescimento econ\u00f4mico:<\/strong> O Cear\u00e1 combina uma for\u00e7a de trabalho jovem com uma ind\u00fastria e log\u00edstica din\u00e2micas.<\/li>\n<li style=\"font-weight: 400;\"><strong>Educa\u00e7\u00e3o e trabalho:<\/strong> As universidades e os institutos t\u00e9cnicos fornecem uma equipe bem treinada.<\/li>\n<li style=\"font-weight: 400;\"><strong>Turismo e cultura:<\/strong> Fortaleza est\u00e1 entre as quatro principais cidades tur\u00edsticas do Brasil, com uma oferta cultural e gastron\u00f4mica vibrante.<\/li>\n<li style=\"font-weight: 400;\"><strong>Infraestrutura:<\/strong> Fortaleza tem um moderno aeroporto internacional, metr\u00f4 e amplas conex\u00f5es rodovi\u00e1rias.<\/li>\n<\/ul>\n<p style=\"font-weight: 400;\"><strong>Resumo<\/strong><\/p>\n<ul>\n<li style=\"font-weight: 400;\"><strong>Posi\u00e7\u00e3o de gateway:<\/strong> Fortaleza \u00e9 a porta de entrada para o Nordeste do Brasil, conectando a Europa, as Am\u00e9ricas e o Mercosul.<\/li>\n<li style=\"font-weight: 400;\"><strong>Log\u00edstica e energia:<\/strong> Porto Pec\u00e9m + Zona Franca + Corredor Verde de Hidrog\u00eanio fazem do Cear\u00e1 um centro global de energia e com\u00e9rcio.<\/li>\n<li style=\"font-weight: 400;\"><strong>Economia digital:<\/strong> As multinacionais investem bilh\u00f5es em <strong>data centers ecol\u00f3gicos<\/strong>A empresa \u00e9 uma das maiores do mundo, funcionando totalmente com energia renov\u00e1vel.<\/li>\n<li style=\"font-weight: 400;\"><strong>Turismo e estilo de vida:<\/strong> Cumbuco \u00e9 um ponto de acesso comprovado para o turismo internacional, o kitesurfe e o desenvolvimento imobili\u00e1rio.<\/li>\n<li style=\"font-weight: 400;\"><strong>Sinergia e escala:<\/strong> A combina\u00e7\u00e3o de infraestrutura, energia, turismo e economia digital torna o Cear\u00e1 forte e \u00fanico como um local de investimento de longo prazo.<\/li>\n<\/ul>\n\n\t\t<\/div>\n\t<\/div>\n<\/div><\/div><\/div><\/div>\n<\/div>","protected":false},"excerpt":{"rendered":"<p>Naast onze projecten in Nederland ontwikkelt Dutch Housing Company actief in Brazili\u00eb. Zo brengen we jarenlange vakervaring, natuurinclusief ontwerp en kwaliteitsbeleid samen met de dynamiek van een sterk groeiende markt met beeldschone locaties. LAGO Eco Lotes Cear\u00e1 LAGO Eco Lotes Cear\u00e1 is een natuurinclusieve ontwikkeling met ruim 300 exclusieve kavels aan de noordoostkust van Brazili\u00eb.&hellip;<\/p>","protected":false},"author":1,"featured_media":0,"parent":0,"menu_order":0,"comment_status":"closed","ping_status":"closed","template":"","meta":[],"yoast_head":"<!-- This site is optimized with the Yoast SEO plugin v16.9 - https:\/\/yoast.com\/wordpress\/plugins\/seo\/ -->\n<title>Brazili\u00eb - Dutch Housing Company<\/title>\n<meta name=\"description\" content=\"Naast onze projecten in Nederland ontwikkelt Dutch Housing Company actief in Brazili\u00eb. Zo brengen we jarenlange vakervaring, natuurinclusief ontwerp en kwaliteitsbeleid samen met de dynamiek van een sterk groeiende markt met beeldschone locaties.\" \/>\n<meta name=\"robots\" content=\"index, follow, max-snippet:-1, max-image-preview:large, max-video-preview:-1\" \/>\n<link rel=\"canonical\" href=\"https:\/\/dutchhousingcompany.com\/pt\/brasil\/\" \/>\n<meta property=\"og:locale\" content=\"pt_BR\" \/>\n<meta property=\"og:type\" content=\"article\" \/>\n<meta property=\"og:title\" content=\"Brazili\u00eb - Dutch Housing Company\" \/>\n<meta property=\"og:description\" content=\"Naast onze projecten in Nederland ontwikkelt Dutch Housing Company actief in Brazili\u00eb. Zo brengen we jarenlange vakervaring, natuurinclusief ontwerp en kwaliteitsbeleid samen met de dynamiek van een sterk groeiende markt met beeldschone locaties.\" \/>\n<meta property=\"og:url\" content=\"https:\/\/dutchhousingcompany.com\/pt\/brasil\/\" \/>\n<meta property=\"og:site_name\" content=\"Dutch Housing Company\" \/>\n<meta property=\"article:modified_time\" content=\"2025-08-22T15:08:39+00:00\" \/>\n<meta name=\"twitter:card\" content=\"summary\" \/>\n<meta name=\"twitter:label1\" content=\"Est. tempo de leitura\" \/>\n\t<meta name=\"twitter:data1\" content=\"4 minutos\" \/>\n<script type=\"application\/ld+json\" class=\"yoast-schema-graph\">{\"@context\":\"https:\/\/schema.org\",\"@graph\":[{\"@type\":\"WebSite\",\"@id\":\"https:\/\/dutchhousingcompany.com\/#website\",\"url\":\"https:\/\/dutchhousingcompany.com\/\",\"name\":\"Dutch Housing Company\",\"description\":\"\",\"potentialAction\":[{\"@type\":\"SearchAction\",\"target\":{\"@type\":\"EntryPoint\",\"urlTemplate\":\"https:\/\/dutchhousingcompany.com\/?s={search_term_string}\"},\"query-input\":\"required name=search_term_string\"}],\"inLanguage\":\"pt-BR\"},{\"@type\":\"WebPage\",\"@id\":\"https:\/\/dutchhousingcompany.com\/brasil\/#webpage\",\"url\":\"https:\/\/dutchhousingcompany.com\/brasil\/\",\"name\":\"Brazili\\u00eb - Dutch Housing Company\",\"isPartOf\":{\"@id\":\"https:\/\/dutchhousingcompany.com\/#website\"},\"datePublished\":\"2017-03-07T13:09:03+00:00\",\"dateModified\":\"2025-08-22T15:08:39+00:00\",\"description\":\"Naast onze projecten in Nederland ontwikkelt Dutch Housing Company actief in Brazili\\u00eb. Zo brengen we jarenlange vakervaring, natuurinclusief ontwerp en kwaliteitsbeleid samen met de dynamiek van een sterk groeiende markt met beeldschone locaties.\",\"breadcrumb\":{\"@id\":\"https:\/\/dutchhousingcompany.com\/brasil\/#breadcrumb\"},\"inLanguage\":\"pt-BR\",\"potentialAction\":[{\"@type\":\"ReadAction\",\"target\":[\"https:\/\/dutchhousingcompany.com\/brasil\/\"]}]},{\"@type\":\"BreadcrumbList\",\"@id\":\"https:\/\/dutchhousingcompany.com\/brasil\/#breadcrumb\",\"itemListElement\":[{\"@type\":\"ListItem\",\"position\":1,\"name\":\"Home\",\"item\":\"https:\/\/dutchhousingcompany.com\/\"},{\"@type\":\"ListItem\",\"position\":2,\"name\":\"Brazili\\u00eb\"}]}]}<\/script>\n<!-- \/ Yoast SEO plugin. -->","yoast_head_json":{"title":"Brazili\u00eb - Dutch Housing Company","description":"Al\u00e9m de nossos projetos na Holanda, a Dutch Housing Company desenvolve ativamente no Brasil. \u00c9 assim que reunimos anos de experi\u00eancia profissional, design que inclui a natureza e pol\u00edtica de qualidade com a din\u00e2mica de um mercado em r\u00e1pido crescimento e com belas localiza\u00e7\u00f5es.","robots":{"index":"index","follow":"follow","max-snippet":"max-snippet:-1","max-image-preview":"max-image-preview:large","max-video-preview":"max-video-preview:-1"},"canonical":"https:\/\/dutchhousingcompany.com\/pt\/brasil\/","og_locale":"pt_BR","og_type":"article","og_title":"Brazili\u00eb - Dutch Housing Company","og_description":"Naast onze projecten in Nederland ontwikkelt Dutch Housing Company actief in Brazili\u00eb. Zo brengen we jarenlange vakervaring, natuurinclusief ontwerp en kwaliteitsbeleid samen met de dynamiek van een sterk groeiende markt met beeldschone locaties.","og_url":"https:\/\/dutchhousingcompany.com\/pt\/brasil\/","og_site_name":"Dutch Housing Company","article_modified_time":"2025-08-22T15:08:39+00:00","twitter_card":"summary","twitter_misc":{"Est. tempo de leitura":"4 minutos"},"schema":{"@context":"https:\/\/schema.org","@graph":[{"@type":"WebSite","@id":"https:\/\/dutchhousingcompany.com\/#website","url":"https:\/\/dutchhousingcompany.com\/","name":"Companhia Holandesa de Habita\u00e7\u00e3o","description":"","potentialAction":[{"@type":"SearchAction","target":{"@type":"EntryPoint","urlTemplate":"https:\/\/dutchhousingcompany.com\/?s={search_term_string}"},"query-input":"required name=search_term_string"}],"inLanguage":"pt-BR"},{"@type":"WebPage","@id":"https:\/\/dutchhousingcompany.com\/brasil\/#webpage","url":"https:\/\/dutchhousingcompany.com\/brasil\/","name":"Brazili\u00eb - Dutch Housing Company","isPartOf":{"@id":"https:\/\/dutchhousingcompany.com\/#website"},"datePublished":"2017-03-07T13:09:03+00:00","dateModified":"2025-08-22T15:08:39+00:00","description":"Al\u00e9m de nossos projetos na Holanda, a Dutch Housing Company desenvolve ativamente no Brasil. \u00c9 assim que reunimos anos de experi\u00eancia profissional, design que inclui a natureza e pol\u00edtica de qualidade com a din\u00e2mica de um mercado em r\u00e1pido crescimento e com belas localiza\u00e7\u00f5es.","breadcrumb":{"@id":"https:\/\/dutchhousingcompany.com\/brasil\/#breadcrumb"},"inLanguage":"pt-BR","potentialAction":[{"@type":"ReadAction","target":["https:\/\/dutchhousingcompany.com\/brasil\/"]}]},{"@type":"BreadcrumbList","@id":"https:\/\/dutchhousingcompany.com\/brasil\/#breadcrumb","itemListElement":[{"@type":"ListItem","position":1,"name":"Home","item":"https:\/\/dutchhousingcompany.com\/"},{"@type":"ListItem","position":2,"name":"Brazili\u00eb"}]}]}},"_links":{"self":[{"href":"https:\/\/dutchhousingcompany.com\/pt\/wp-json\/wp\/v2\/pages\/38"}],"collection":[{"href":"https:\/\/dutchhousingcompany.com\/pt\/wp-json\/wp\/v2\/pages"}],"about":[{"href":"https:\/\/dutchhousingcompany.com\/pt\/wp-json\/wp\/v2\/types\/page"}],"author":[{"embeddable":true,"href":"https:\/\/dutchhousingcompany.com\/pt\/wp-json\/wp\/v2\/users\/1"}],"replies":[{"embeddable":true,"href":"https:\/\/dutchhousingcompany.com\/pt\/wp-json\/wp\/v2\/comments?post=38"}],"version-history":[{"count":0,"href":"https:\/\/dutchhousingcompany.com\/pt\/wp-json\/wp\/v2\/pages\/38\/revisions"}],"wp:attachment":[{"href":"https:\/\/dutchhousingcompany.com\/pt\/wp-json\/wp\/v2\/media?parent=38"}],"curies":[{"name":"wp","href":"https:\/\/api.w.org\/{rel}","templated":true}]}}