{"id":31,"date":"2017-03-07T12:31:22","date_gmt":"2017-03-07T12:31:22","guid":{"rendered":"http:\/\/dutchhousingcompany.com\/w\/?page_id=31"},"modified":"2025-08-20T11:55:25","modified_gmt":"2025-08-20T09:55:25","slug":"over-ons","status":"publish","type":"page","link":"https:\/\/dutchhousingcompany.com\/pt\/over-ons\/","title":{"rendered":"Sobre n\u00f3s"},"content":{"rendered":"<div class=\"wpb-content-wrapper\"><div class=\"vc_row wpb_row vc_row-fluid dt-default\" style=\"margin-top: 0px;margin-bottom: 0px\"><div class=\"wpb_column vc_column_container vc_col-sm-12\"><div class=\"vc_column-inner\"><div class=\"wpb_wrapper\">\n\t<div  class=\"wpb_single_image wpb_content_element vc_align_left\">\n\t\t\n\t\t<figure class=\"wpb_wrapper vc_figure\">\n\t\t\t<div class=\"vc_single_image-wrapper   vc_box_border_grey\"><img width=\"1024\" height=\"681\" src=\"https:\/\/dutchhousingcompany.com\/w\/wp-content\/uploads\/2017\/03\/dutchhousing_2509_FDR1-1024x681.jpg\" class=\"vc_single_image-img attachment-large\" alt=\"\" loading=\"lazy\" title=\"dutchhousing_2509_FDR1\" srcset=\"https:\/\/dutchhousingcompany.com\/w\/wp-content\/uploads\/2017\/03\/dutchhousing_2509_FDR1-1024x681.jpg 1024w, https:\/\/dutchhousingcompany.com\/w\/wp-content\/uploads\/2017\/03\/dutchhousing_2509_FDR1-300x200.jpg 300w, https:\/\/dutchhousingcompany.com\/w\/wp-content\/uploads\/2017\/03\/dutchhousing_2509_FDR1-768x511.jpg 768w, https:\/\/dutchhousingcompany.com\/w\/wp-content\/uploads\/2017\/03\/dutchhousing_2509_FDR1.jpg 2000w\" sizes=\"(max-width: 1024px) 100vw, 1024px\"  data-dt-location=\"https:\/\/dutchhousingcompany.com\/pt\/over-ons\/dutchhousing_2509_fdr1\/\" \/><\/div>\n\t\t<\/figure>\n\t<\/div>\n\n\t<div class=\"wpb_text_column wpb_content_element\" >\n\t\t<div class=\"wpb_wrapper\">\n\t\t\t<p style=\"font-weight: 400;\"><strong>A Dutch Housing Company desenvolve ambientes residenciais elegantes e sustent\u00e1veis, nos quais a qualidade, a natureza e o conforto da vida se unem.<\/strong><\/p>\n<p>A Dutch Housing Company \u00e9 uma incorporadora imobili\u00e1ria independente. Nossa paix\u00e3o \u00e9 inovar na constru\u00e7\u00e3o de moradias de uma forma orientada para o cliente. Desenvolvemos ambientes residenciais elegantes e sustent\u00e1veis onde a qualidade, a natureza e o conforto de vida se unem. Nossa abordagem combina conhecimento s\u00f3lido da \u00e1rea, qualidade de design e gerenciamento rigoroso de projetos com um foco claro na inclus\u00e3o da natureza e no valor de longo prazo para nossos clientes.<\/p>\n<p style=\"font-weight: 400;\"><strong>Horizonte internacional<\/strong><\/p>\n<p style=\"font-weight: 400;\">A partir de nossa base na Holanda, expandimos especificamente para locais internacionais promissores. No Brasil, trabalhamos em projetos onde a natureza, a \u00e1gua e o planejamento urbano se unem, com nossa vis\u00e3o holandesa de sustentabilidade.<\/p>\n<p style=\"font-weight: 400;\"><strong>Orientado por parcerias<\/strong><\/p>\n<p style=\"font-weight: 400;\">Realizamos projetos bem-sucedidos em conjunto - com prefeituras, arquitetos, empreiteiras, ecologistas e comunidades locais. Associamos a demanda do mercado a um projeto de qualidade e a uma cuidadosa gest\u00e3o financeira.<\/p>\n<p style=\"font-weight: 400;\"><strong>Nossa promessa<\/strong><\/p>\n<p style=\"font-weight: 400;\"><span style=\"font-weight: 400;\">Constru\u00edmos n\u00e3o apenas para hoje, mas principalmente para as pr\u00f3ximas d\u00e9cadas. Cada projeto deve contribuir comprovadamente para a qualidade de vida, a natureza e o valor econ\u00f4mico. <\/span><\/p>\n\n\t\t<\/div>\n\t<\/div>\n<\/div><\/div><\/div><\/div>\n<\/div>","protected":false},"excerpt":{"rendered":"<p>A Dutch Housing Company desenvolve ambientes residenciais elegantes e sustent\u00e1veis, onde a qualidade, a natureza e o conforto de vida se unem. A Dutch Housing Company \u00e9 uma desenvolvedora de projetos independente. Nossa paix\u00e3o \u00e9 inovar na constru\u00e7\u00e3o de moradias de forma orientada para o cliente. Desenvolvemos ambientes residenciais elegantes e sustent\u00e1veis, onde a qualidade, a natureza e o conforto de vida se unem. Nossa abordagem combina conhecimento s\u00f3lido da \u00e1rea, qualidade de design e gerenciamento rigoroso de projetos...<\/p>","protected":false},"author":1,"featured_media":0,"parent":0,"menu_order":0,"comment_status":"closed","ping_status":"closed","template":"","meta":[],"yoast_head":"<!-- This site is optimized with the Yoast SEO plugin v16.9 - https:\/\/yoast.com\/wordpress\/plugins\/seo\/ -->\n<title>Over ons - Dutch Housing Company<\/title>\n<meta name=\"description\" content=\"Over ons Duurzaam wonen gezond en betaalbaar maken. Met deze missie ontwikkelt Dutch Housing Company aansprekende locaties voor haar klanten.\" \/>\n<meta name=\"robots\" content=\"index, follow, max-snippet:-1, max-image-preview:large, max-video-preview:-1\" \/>\n<link rel=\"canonical\" href=\"https:\/\/dutchhousingcompany.com\/pt\/over-ons\/\" \/>\n<meta property=\"og:locale\" content=\"pt_BR\" \/>\n<meta property=\"og:type\" content=\"article\" \/>\n<meta property=\"og:title\" content=\"Over ons - Dutch Housing Company\" \/>\n<meta property=\"og:description\" content=\"Over ons Duurzaam wonen gezond en betaalbaar maken. Met deze missie ontwikkelt Dutch Housing Company aansprekende locaties voor haar klanten.\" \/>\n<meta property=\"og:url\" content=\"https:\/\/dutchhousingcompany.com\/pt\/over-ons\/\" \/>\n<meta property=\"og:site_name\" content=\"Dutch Housing Company\" \/>\n<meta property=\"article:modified_time\" content=\"2025-08-20T09:55:25+00:00\" \/>\n<meta name=\"twitter:card\" content=\"summary\" \/>\n<meta name=\"twitter:label1\" content=\"Est. tempo de leitura\" \/>\n\t<meta name=\"twitter:data1\" content=\"1 minuto\" \/>\n<script type=\"application\/ld+json\" class=\"yoast-schema-graph\">{\"@context\":\"https:\/\/schema.org\",\"@graph\":[{\"@type\":\"WebSite\",\"@id\":\"https:\/\/dutchhousingcompany.com\/#website\",\"url\":\"https:\/\/dutchhousingcompany.com\/\",\"name\":\"Dutch Housing Company\",\"description\":\"\",\"potentialAction\":[{\"@type\":\"SearchAction\",\"target\":{\"@type\":\"EntryPoint\",\"urlTemplate\":\"https:\/\/dutchhousingcompany.com\/?s={search_term_string}\"},\"query-input\":\"required name=search_term_string\"}],\"inLanguage\":\"pt-BR\"},{\"@type\":\"WebPage\",\"@id\":\"https:\/\/dutchhousingcompany.com\/over-ons\/#webpage\",\"url\":\"https:\/\/dutchhousingcompany.com\/over-ons\/\",\"name\":\"Over ons - Dutch Housing Company\",\"isPartOf\":{\"@id\":\"https:\/\/dutchhousingcompany.com\/#website\"},\"datePublished\":\"2017-03-07T12:31:22+00:00\",\"dateModified\":\"2025-08-20T09:55:25+00:00\",\"description\":\"Over ons Duurzaam wonen gezond en betaalbaar maken. Met deze missie ontwikkelt Dutch Housing Company aansprekende locaties voor haar klanten.\",\"breadcrumb\":{\"@id\":\"https:\/\/dutchhousingcompany.com\/over-ons\/#breadcrumb\"},\"inLanguage\":\"pt-BR\",\"potentialAction\":[{\"@type\":\"ReadAction\",\"target\":[\"https:\/\/dutchhousingcompany.com\/over-ons\/\"]}]},{\"@type\":\"BreadcrumbList\",\"@id\":\"https:\/\/dutchhousingcompany.com\/over-ons\/#breadcrumb\",\"itemListElement\":[{\"@type\":\"ListItem\",\"position\":1,\"name\":\"Home\",\"item\":\"https:\/\/dutchhousingcompany.com\/\"},{\"@type\":\"ListItem\",\"position\":2,\"name\":\"Over ons\"}]}]}<\/script>\n<!-- \/ Yoast SEO plugin. -->","yoast_head_json":{"title":"Sobre n\u00f3s - Dutch Housing Company","description":"Sobre n\u00f3s Tornar a vida sustent\u00e1vel saud\u00e1vel e acess\u00edvel. Com essa miss\u00e3o, a Dutch Housing Company desenvolve locais atraentes para seus clientes.","robots":{"index":"index","follow":"follow","max-snippet":"max-snippet:-1","max-image-preview":"max-image-preview:large","max-video-preview":"max-video-preview:-1"},"canonical":"https:\/\/dutchhousingcompany.com\/pt\/over-ons\/","og_locale":"pt_BR","og_type":"article","og_title":"Over ons - Dutch Housing Company","og_description":"Over ons Duurzaam wonen gezond en betaalbaar maken. Met deze missie ontwikkelt Dutch Housing Company aansprekende locaties voor haar klanten.","og_url":"https:\/\/dutchhousingcompany.com\/pt\/over-ons\/","og_site_name":"Dutch Housing Company","article_modified_time":"2025-08-20T09:55:25+00:00","twitter_card":"summary","twitter_misc":{"Est. tempo de leitura":"1 minuto"},"schema":{"@context":"https:\/\/schema.org","@graph":[{"@type":"WebSite","@id":"https:\/\/dutchhousingcompany.com\/#website","url":"https:\/\/dutchhousingcompany.com\/","name":"Companhia Holandesa de Habita\u00e7\u00e3o","description":"","potentialAction":[{"@type":"SearchAction","target":{"@type":"EntryPoint","urlTemplate":"https:\/\/dutchhousingcompany.com\/?s={search_term_string}"},"query-input":"required name=search_term_string"}],"inLanguage":"pt-BR"},{"@type":"WebPage","@id":"https:\/\/dutchhousingcompany.com\/over-ons\/#webpage","url":"https:\/\/dutchhousingcompany.com\/over-ons\/","name":"Sobre n\u00f3s - Dutch Housing Company","isPartOf":{"@id":"https:\/\/dutchhousingcompany.com\/#website"},"datePublished":"2017-03-07T12:31:22+00:00","dateModified":"2025-08-20T09:55:25+00:00","description":"Sobre n\u00f3s Tornar a vida sustent\u00e1vel saud\u00e1vel e acess\u00edvel. Com essa miss\u00e3o, a Dutch Housing Company desenvolve locais atraentes para seus clientes.","breadcrumb":{"@id":"https:\/\/dutchhousingcompany.com\/over-ons\/#breadcrumb"},"inLanguage":"pt-BR","potentialAction":[{"@type":"ReadAction","target":["https:\/\/dutchhousingcompany.com\/over-ons\/"]}]},{"@type":"BreadcrumbList","@id":"https:\/\/dutchhousingcompany.com\/over-ons\/#breadcrumb","itemListElement":[{"@type":"ListItem","position":1,"name":"Home","item":"https:\/\/dutchhousingcompany.com\/"},{"@type":"ListItem","position":2,"name":"Over ons"}]}]}},"_links":{"self":[{"href":"https:\/\/dutchhousingcompany.com\/pt\/wp-json\/wp\/v2\/pages\/31"}],"collection":[{"href":"https:\/\/dutchhousingcompany.com\/pt\/wp-json\/wp\/v2\/pages"}],"about":[{"href":"https:\/\/dutchhousingcompany.com\/pt\/wp-json\/wp\/v2\/types\/page"}],"author":[{"embeddable":true,"href":"https:\/\/dutchhousingcompany.com\/pt\/wp-json\/wp\/v2\/users\/1"}],"replies":[{"embeddable":true,"href":"https:\/\/dutchhousingcompany.com\/pt\/wp-json\/wp\/v2\/comments?post=31"}],"version-history":[{"count":0,"href":"https:\/\/dutchhousingcompany.com\/pt\/wp-json\/wp\/v2\/pages\/31\/revisions"}],"wp:attachment":[{"href":"https:\/\/dutchhousingcompany.com\/pt\/wp-json\/wp\/v2\/media?parent=31"}],"curies":[{"name":"wp","href":"https:\/\/api.w.org\/{rel}","templated":true}]}}