{"id":2,"date":"2016-05-10T03:48:21","date_gmt":"2016-05-10T03:48:21","guid":{"rendered":"http:\/\/wp452m.a10-52-158-154.qa.plesk.ru\/wordpress\/?page_id=2"},"modified":"2025-08-20T12:31:01","modified_gmt":"2025-08-20T10:31:01","slug":"homepage","status":"publish","type":"page","link":"https:\/\/dutchhousingcompany.com\/pt\/","title":{"rendered":"P\u00e1gina inicial"},"content":{"rendered":"<div class=\"wpb-content-wrapper\"><div class=\"vc_row wpb_row vc_row-fluid dt-default\" style=\"margin-top: 0px;margin-bottom: 0px\"><div class=\"wpb_column vc_column_container vc_col-sm-12\"><div class=\"vc_column-inner\"><div class=\"wpb_wrapper\"><q class=\"text-big shortcode-pullquote wf-cell align-left wf-1\"><p class=\"p1\">A Dutch Housing Company \u00e9 sin\u00f4nimo de desenvolvimento progressivo de propriedades com foco na natureza, na qualidade e no conforto de vida. A partir de nossas ra\u00edzes holandesas, desenvolvemos projetos elegantes e que incluem a natureza, com valor duradouro para os residentes e a sociedade.<\/p>\n<p style=\"font-weight: 400;\">Com mais de uma d\u00e9cada de experi\u00eancia, combinamos o trabalho artesanal com uma vis\u00e3o internacional. Nossos projetos s\u00e3o caracterizados pelo design, m\u00e9todos de constru\u00e7\u00e3o sustent\u00e1vel e uma forte conex\u00e3o com a natureza e o ambiente constru\u00eddo.<\/p>\n<p style=\"font-weight: 400;\"><span class=\"s1\">O sucesso da Dutch Housing Company tamb\u00e9m est\u00e1 em nossa abordagem orientada para o mercado. <\/span>As necessidades de nossos clientes s\u00e3o nosso ponto de partida desde o primeiro projeto. Como resultado, realizamos projetos com uma forte identidade que inspiram e atendem \u00e0 demanda.<\/p>\n<\/q><div class=\"vc_empty_space\"   style=\"height: 32px\"><span class=\"vc_empty_space_inner\"><\/span><\/div><div class=\"vc_separator wpb_content_element vc_separator_align_left vc_sep_width_100 vc_sep_border_width_2 vc_sep_pos_align_center vc_sep_color_grey wpb_content_element vc_separator-has-text\" ><span class=\"vc_sep_holder vc_sep_holder_l\"><span class=\"vc_sep_line\"><\/span><\/span><h4>Projetos<\/h4><span class=\"vc_sep_holder vc_sep_holder_r\"><span class=\"vc_sep_line\"><\/span><\/span>\n<\/div><div class=\"dt-shortcode with-isotope\"><div class=\"wf-container dt-portfolio-shortcode loading-effect-none iso-container description-on-hover hover-style-two effect-bubba always-show-info\" data-padding=\"10px\" data-cur-page=\"1\" data-posts-per-page=\"-1\" data-width=\"370px\" data-columns=\"3\">\n<div class=\"wf-cell iso-item\" data-post-id=\"1104\" data-date=\"2025-09-05T16:19:06+02:00\" data-name=\"LAGO Eco Lotes Cear\u00e1, Brazili\u00eb\">\n<article class=\"post post-1104 dt_portfolio type-dt_portfolio status-publish has-post-thumbnail hentry\">\n\n\t<figure class=\"rollover-project rollover-active\">\n\t<a href=\"https:\/\/dutchhousingcompany.com\/pt\/project\/lago-eco-lotes-ceara-brazilie\/\" class=\"layzr-bg\" title=\"Captura de tela 2025-08-22 \u00e0s 15.58.07\"  aria-label=\"Postar imagem\"><img class=\"preload-me iso-lazy-load\" src=\"data:image\/svg+xml,%3Csvg%20xmlns%3D&#39;http%3A%2F%2Fwww.w3.org%2F2000%2Fsvg&#39;%20viewBox%3D&#39;0%200%20555%20555&#39;%2F%3E\" data-src=\"https:\/\/dutchhousingcompany.com\/w\/wp-content\/uploads\/2025\/08\/Scherm\u00adafbeelding-2025-08-22-om-15.58.07-555x555.jpg\" data-srcset=\"https:\/\/dutchhousingcompany.com\/w\/wp-content\/uploads\/2025\/08\/Scherm\u00adafbeelding-2025-08-22-om-15.58.07-555x555.jpg 555w, https:\/\/dutchhousingcompany.com\/w\/wp-content\/uploads\/2025\/08\/Scherm\u00adafbeelding-2025-08-22-om-15.58.07-964x964.jpg 964w\" alt=\"\" width=\"555\" height=\"555\"  \/><\/a>\t\t<figcaption class=\"rollover-content\">\n\t\t<div class=\"links-container\"><a href=\"https:\/\/dutchhousingcompany.com\/pt\/project\/lago-eco-lotes-ceara-brazilie\/\" class=\"project-details\">Detalhes<\/a><\/div>\t\t\t\t<div class=\"rollover-content-container\">\n\t\t\t<h3 class=\"entry-title\"><a href=\"https:\/\/dutchhousingcompany.com\/pt\/project\/lago-eco-lotes-ceara-brazilie\/\" title=\"LAGO Eco Lotes Cear\u00e1, Brasil\" rel=\"bookmark\">LAGO Eco Lotes Cear\u00e1, Brasil<\/a><\/h3><p>300 lotes residenciais exclusivos<\/p>\n\t\t<\/div>\n\t\t\t\t\t<\/figcaption>\n\t<\/figure>\n<\/article>\n\n<\/div>\n<div class=\"wf-cell iso-item\" data-post-id=\"863\" data-date=\"2021-04-24T12:11:26+02:00\" data-name=\"Long Island New Hampton Style, \\&#039;s-Gravenzande\">\n<article class=\"post post-863 dt_portfolio type-dt_portfolio status-publish has-post-thumbnail hentry\">\n\n\t<figure class=\"rollover-project rollover-active\">\n\t<a href=\"https:\/\/dutchhousingcompany.com\/pt\/project\/long-island-new-hampton-style-s-gravenzande\/\" class=\"layzr-bg\" title=\"Entrada da ilha\"  aria-label=\"Postar imagem\"><img class=\"preload-me iso-lazy-load\" src=\"data:image\/svg+xml,%3Csvg%20xmlns%3D&#39;http%3A%2F%2Fwww.w3.org%2F2000%2Fsvg&#39;%20viewBox%3D&#39;0%200%20555%20555&#39;%2F%3E\" data-src=\"https:\/\/dutchhousingcompany.com\/w\/wp-content\/uploads\/2021\/10\/binnenstraat0-entreegebied-555x555.jpg\" data-srcset=\"https:\/\/dutchhousingcompany.com\/w\/wp-content\/uploads\/2021\/10\/binnenstraat0-entreegebied-555x555.jpg 555w, https:\/\/dutchhousingcompany.com\/w\/wp-content\/uploads\/2021\/10\/binnenstraat0-entreegebied-864x864.jpg 864w\" alt=\"\" width=\"555\" height=\"555\"  \/><\/a>\t\t<figcaption class=\"rollover-content\">\n\t\t<div class=\"links-container\"><a href=\"https:\/\/dutchhousingcompany.com\/pt\/project\/long-island-new-hampton-style-s-gravenzande\/\" class=\"project-details\">Detalhes<\/a><\/div>\t\t\t\t<div class=\"rollover-content-container\">\n\t\t\t<h3 class=\"entry-title\"><a href=\"https:\/\/dutchhousingcompany.com\/pt\/project\/long-island-new-hampton-style-s-gravenzande\/\" title=\"Estilo de Long Island New Hampton, Gravenzande\" rel=\"bookmark\">Estilo de Long Island New Hampton, Gravenzande<\/a><\/h3><p>33 vilas residenciais de luxo<\/p>\n\t\t<\/div>\n\t\t\t\t\t<\/figcaption>\n\t<\/figure>\n<\/article>\n\n<\/div>\n<div class=\"wf-cell iso-item\" data-post-id=\"617\" data-date=\"2018-11-26T09:12:31+01:00\" data-name=\"Aan de Nieuwe Vaart, &#039;s-Gravenzande\">\n<article class=\"post post-617 dt_portfolio type-dt_portfolio status-publish has-post-thumbnail hentry\">\n\n\t<figure class=\"rollover-project rollover-active\">\n\t<a href=\"https:\/\/dutchhousingcompany.com\/pt\/project\/aan-de-nieuwe-vaart-s-gravenzande\/\" class=\"layzr-bg\" title=\"nwevaart\"  aria-label=\"Postar imagem\"><img class=\"preload-me iso-lazy-load\" src=\"data:image\/svg+xml,%3Csvg%20xmlns%3D&#39;http%3A%2F%2Fwww.w3.org%2F2000%2Fsvg&#39;%20viewBox%3D&#39;0%200%20555%20555&#39;%2F%3E\" data-src=\"https:\/\/dutchhousingcompany.com\/w\/wp-content\/uploads\/2018\/11\/nwevaart-555x555.jpg\" data-srcset=\"https:\/\/dutchhousingcompany.com\/w\/wp-content\/uploads\/2018\/11\/nwevaart-555x555.jpg 555w, https:\/\/dutchhousingcompany.com\/w\/wp-content\/uploads\/2018\/11\/nwevaart.jpg 709w\" alt=\"\" width=\"555\" height=\"555\"  \/><\/a>\t\t<figcaption class=\"rollover-content\">\n\t\t<div class=\"links-container\"><a href=\"https:\/\/dutchhousingcompany.com\/pt\/project\/aan-de-nieuwe-vaart-s-gravenzande\/\" class=\"project-details\">Detalhes<\/a><\/div>\t\t\t\t<div class=\"rollover-content-container\">\n\t\t\t<h3 class=\"entry-title\"><a href=\"https:\/\/dutchhousingcompany.com\/pt\/project\/aan-de-nieuwe-vaart-s-gravenzande\/\" title=\"Aan de Nieuwe Vaart, &#039;s-Gravenzande\" rel=\"bookmark\">Aan de Nieuwe Vaart, 's-Gravenzande<\/a><\/h3><p>39 vilas e casas geminadas sustent\u00e1veis<\/p>\n\t\t<\/div>\n\t\t\t\t\t<\/figcaption>\n\t<\/figure>\n<\/article>\n\n<\/div>\n<div class=\"wf-cell iso-item\" data-post-id=\"580\" data-date=\"2018-08-03T10:29:16+02:00\" data-name=\"Laan van Rijn, Utrecht\">\n<article class=\"post post-580 dt_portfolio type-dt_portfolio status-publish has-post-thumbnail hentry\">\n\n\t<figure class=\"rollover-project rollover-active\">\n\t<a href=\"https:\/\/dutchhousingcompany.com\/pt\/project\/laan-van-rijn-utrecht\/\" class=\"layzr-bg\" title=\"shutterstock_425316787 kl\"  aria-label=\"Postar imagem\"><img class=\"preload-me iso-lazy-load\" src=\"data:image\/svg+xml,%3Csvg%20xmlns%3D&#39;http%3A%2F%2Fwww.w3.org%2F2000%2Fsvg&#39;%20viewBox%3D&#39;0%200%20555%20555&#39;%2F%3E\" data-src=\"https:\/\/dutchhousingcompany.com\/w\/wp-content\/uploads\/2018\/08\/shutterstock_425316787-kl-555x555.jpg\" data-srcset=\"https:\/\/dutchhousingcompany.com\/w\/wp-content\/uploads\/2018\/08\/shutterstock_425316787-kl-555x555.jpg 555w, https:\/\/dutchhousingcompany.com\/w\/wp-content\/uploads\/2018\/08\/shutterstock_425316787-kl-1110x1110.jpg 1110w\" alt=\"\" width=\"555\" height=\"555\"  \/><\/a>\t\t<figcaption class=\"rollover-content\">\n\t\t<div class=\"links-container\"><a href=\"https:\/\/dutchhousingcompany.com\/pt\/project\/laan-van-rijn-utrecht\/\" class=\"project-details\">Detalhes<\/a><\/div>\t\t\t\t<div class=\"rollover-content-container\">\n\t\t\t<h3 class=\"entry-title\"><a href=\"https:\/\/dutchhousingcompany.com\/pt\/project\/laan-van-rijn-utrecht\/\" title=\"Laan van Rijn, Utrecht\" rel=\"bookmark\">Laan van Rijn, Utrecht<\/a><\/h3><p>Casas de campo exclusivas e uma fazenda monumental<\/p>\n\t\t<\/div>\n\t\t\t\t\t<\/figcaption>\n\t<\/figure>\n<\/article>\n\n<\/div><\/div><\/div><div class=\"vc_empty_space\"   style=\"height: 32px\"><span class=\"vc_empty_space_inner\"><\/span><\/div><div class=\"text-centered\"><a href=\"\/pt\/w\/projecten\/\" class=\"btn-shortcode dt-btn-m dt-btn default-btn-color default-btn-hover-color default-btn-bg-color default-btn-bg-hover-color\" id=\"dt-btn-1\"><i class=\"fa fa-plus-circle\"><\/i><span>Todos os projetos<\/span><\/a><\/div><\/div><\/div><\/div><\/div>\n<\/div>","protected":false},"excerpt":{"rendered":"<p>A Dutch Housing Company \u00e9 sin\u00f4nimo de desenvolvimento progressivo de propriedades com foco na natureza, na qualidade e no conforto de vida. A partir de nossas ra\u00edzes holandesas, desenvolvemos projetos elegantes e que incluem a natureza, com valor duradouro para os residentes e a sociedade. Com mais de uma d\u00e9cada de experi\u00eancia, combinamos o trabalho artesanal com uma vis\u00e3o internacional. Nossos projetos se caracterizam pelo design, pelos m\u00e9todos de constru\u00e7\u00e3o sustent\u00e1veis e por uma...<\/p>","protected":false},"author":1,"featured_media":0,"parent":0,"menu_order":0,"comment_status":"closed","ping_status":"closed","template":"","meta":[],"yoast_head":"<!-- This site is optimized with the Yoast SEO plugin v16.9 - https:\/\/yoast.com\/wordpress\/plugins\/seo\/ -->\n<title>Duurzaam wonen gezond en betaalbaar maken - Dutch Housing Company<\/title>\n<meta name=\"description\" content=\"Duurzaam wonen gezond en betaalbaar maken. Met deze missie ontwikkelt Dutch Housing Company aansprekende locaties en gezonde woningen voor haar klanten\" \/>\n<meta name=\"robots\" content=\"index, follow, max-snippet:-1, max-image-preview:large, max-video-preview:-1\" \/>\n<link rel=\"canonical\" href=\"https:\/\/dutchhousingcompany.com\/pt\/\" \/>\n<meta property=\"og:locale\" content=\"pt_BR\" \/>\n<meta property=\"og:type\" content=\"article\" \/>\n<meta property=\"og:title\" content=\"Duurzaam wonen gezond en betaalbaar maken - Dutch Housing Company\" \/>\n<meta property=\"og:description\" content=\"Duurzaam wonen gezond en betaalbaar maken. Met deze missie ontwikkelt Dutch Housing Company aansprekende locaties en gezonde woningen voor haar klanten\" \/>\n<meta property=\"og:url\" content=\"https:\/\/dutchhousingcompany.com\/pt\/\" \/>\n<meta property=\"og:site_name\" content=\"Dutch Housing Company\" \/>\n<meta property=\"article:modified_time\" content=\"2025-08-20T10:31:01+00:00\" \/>\n<meta name=\"twitter:card\" content=\"summary\" \/>\n<meta name=\"twitter:label1\" content=\"Est. tempo de leitura\" \/>\n\t<meta name=\"twitter:data1\" content=\"1 minuto\" \/>\n<script type=\"application\/ld+json\" class=\"yoast-schema-graph\">{\"@context\":\"https:\/\/schema.org\",\"@graph\":[{\"@type\":\"WebSite\",\"@id\":\"https:\/\/dutchhousingcompany.com\/#website\",\"url\":\"https:\/\/dutchhousingcompany.com\/\",\"name\":\"Dutch Housing Company\",\"description\":\"\",\"potentialAction\":[{\"@type\":\"SearchAction\",\"target\":{\"@type\":\"EntryPoint\",\"urlTemplate\":\"https:\/\/dutchhousingcompany.com\/?s={search_term_string}\"},\"query-input\":\"required name=search_term_string\"}],\"inLanguage\":\"pt-BR\"},{\"@type\":\"WebPage\",\"@id\":\"https:\/\/dutchhousingcompany.com\/#webpage\",\"url\":\"https:\/\/dutchhousingcompany.com\/\",\"name\":\"Duurzaam wonen gezond en betaalbaar maken - Dutch Housing Company\",\"isPartOf\":{\"@id\":\"https:\/\/dutchhousingcompany.com\/#website\"},\"datePublished\":\"2016-05-10T03:48:21+00:00\",\"dateModified\":\"2025-08-20T10:31:01+00:00\",\"description\":\"Duurzaam wonen gezond en betaalbaar maken. Met deze missie ontwikkelt Dutch Housing Company aansprekende locaties en gezonde woningen voor haar klanten\",\"breadcrumb\":{\"@id\":\"https:\/\/dutchhousingcompany.com\/#breadcrumb\"},\"inLanguage\":\"pt-BR\",\"potentialAction\":[{\"@type\":\"ReadAction\",\"target\":[\"https:\/\/dutchhousingcompany.com\/\"]}]},{\"@type\":\"BreadcrumbList\",\"@id\":\"https:\/\/dutchhousingcompany.com\/#breadcrumb\",\"itemListElement\":[{\"@type\":\"ListItem\",\"position\":1,\"name\":\"Home\",\"item\":\"https:\/\/dutchhousingcompany.com\/\"},{\"@type\":\"ListItem\",\"position\":2,\"name\":\"Homepage\"}]}]}<\/script>\n<!-- \/ Yoast SEO plugin. -->","yoast_head_json":{"title":"Tornando a vida sustent\u00e1vel saud\u00e1vel e acess\u00edvel - Dutch Housing Company","description":"Tornar a vida sustent\u00e1vel saud\u00e1vel e acess\u00edvel. Com essa miss\u00e3o, a Dutch Housing Company desenvolve locais atraentes e casas saud\u00e1veis para seus clientes","robots":{"index":"index","follow":"follow","max-snippet":"max-snippet:-1","max-image-preview":"max-image-preview:large","max-video-preview":"max-video-preview:-1"},"canonical":"https:\/\/dutchhousingcompany.com\/pt\/","og_locale":"pt_BR","og_type":"article","og_title":"Duurzaam wonen gezond en betaalbaar maken - Dutch Housing Company","og_description":"Duurzaam wonen gezond en betaalbaar maken. Met deze missie ontwikkelt Dutch Housing Company aansprekende locaties en gezonde woningen voor haar klanten","og_url":"https:\/\/dutchhousingcompany.com\/pt\/","og_site_name":"Dutch Housing Company","article_modified_time":"2025-08-20T10:31:01+00:00","twitter_card":"summary","twitter_misc":{"Est. tempo de leitura":"1 minuto"},"schema":{"@context":"https:\/\/schema.org","@graph":[{"@type":"WebSite","@id":"https:\/\/dutchhousingcompany.com\/#website","url":"https:\/\/dutchhousingcompany.com\/","name":"Companhia Holandesa de Habita\u00e7\u00e3o","description":"","potentialAction":[{"@type":"SearchAction","target":{"@type":"EntryPoint","urlTemplate":"https:\/\/dutchhousingcompany.com\/?s={search_term_string}"},"query-input":"required name=search_term_string"}],"inLanguage":"pt-BR"},{"@type":"WebPage","@id":"https:\/\/dutchhousingcompany.com\/#webpage","url":"https:\/\/dutchhousingcompany.com\/","name":"Tornando a vida sustent\u00e1vel saud\u00e1vel e acess\u00edvel - Dutch Housing Company","isPartOf":{"@id":"https:\/\/dutchhousingcompany.com\/#website"},"datePublished":"2016-05-10T03:48:21+00:00","dateModified":"2025-08-20T10:31:01+00:00","description":"Tornar a vida sustent\u00e1vel saud\u00e1vel e acess\u00edvel. Com essa miss\u00e3o, a Dutch Housing Company desenvolve locais atraentes e casas saud\u00e1veis para seus clientes","breadcrumb":{"@id":"https:\/\/dutchhousingcompany.com\/#breadcrumb"},"inLanguage":"pt-BR","potentialAction":[{"@type":"ReadAction","target":["https:\/\/dutchhousingcompany.com\/"]}]},{"@type":"BreadcrumbList","@id":"https:\/\/dutchhousingcompany.com\/#breadcrumb","itemListElement":[{"@type":"ListItem","position":1,"name":"Home","item":"https:\/\/dutchhousingcompany.com\/"},{"@type":"ListItem","position":2,"name":"Homepage"}]}]}},"_links":{"self":[{"href":"https:\/\/dutchhousingcompany.com\/pt\/wp-json\/wp\/v2\/pages\/2"}],"collection":[{"href":"https:\/\/dutchhousingcompany.com\/pt\/wp-json\/wp\/v2\/pages"}],"about":[{"href":"https:\/\/dutchhousingcompany.com\/pt\/wp-json\/wp\/v2\/types\/page"}],"author":[{"embeddable":true,"href":"https:\/\/dutchhousingcompany.com\/pt\/wp-json\/wp\/v2\/users\/1"}],"replies":[{"embeddable":true,"href":"https:\/\/dutchhousingcompany.com\/pt\/wp-json\/wp\/v2\/comments?post=2"}],"version-history":[{"count":0,"href":"https:\/\/dutchhousingcompany.com\/pt\/wp-json\/wp\/v2\/pages\/2\/revisions"}],"wp:attachment":[{"href":"https:\/\/dutchhousingcompany.com\/pt\/wp-json\/wp\/v2\/media?parent=2"}],"curies":[{"name":"wp","href":"https:\/\/api.w.org\/{rel}","templated":true}]}}